{"id":503,"date":"2025-11-26T10:46:47","date_gmt":"2025-11-26T09:46:47","guid":{"rendered":"https:\/\/schlittel.dev25.airdev.de\/?page_id=503"},"modified":"2025-11-26T10:50:51","modified_gmt":"2025-11-26T09:50:51","slug":"schlitten-mieten-2","status":"publish","type":"page","link":"https:\/\/schlittel.dev25.airdev.de\/en\/schlitten-mieten-2\/","title":{"rendered":"Schlitten mieten"},"content":{"rendered":"\t\t<div data-elementor-type=\"wp-page\" data-elementor-id=\"503\" class=\"elementor elementor-503 elementor-502\" data-elementor-post-type=\"page\">\n\t\t\t\t<div class=\"elementor-element elementor-element-24b9653 e-con-full e-flex e-con e-parent\" data-id=\"24b9653\" data-element_type=\"container\" data-settings=\"{&quot;background_background&quot;:&quot;classic&quot;}\">\n\t\t<div class=\"elementor-element elementor-element-32dca1b e-con-full e-flex e-con e-child\" data-id=\"32dca1b\" data-element_type=\"container\" data-settings=\"{&quot;background_background&quot;:&quot;classic&quot;,&quot;background_motion_fx_motion_fx_scrolling&quot;:&quot;yes&quot;,&quot;background_motion_fx_translateX_effect&quot;:&quot;yes&quot;,&quot;motion_fx_motion_fx_scrolling&quot;:&quot;yes&quot;,&quot;background_motion_fx_translateX_speed&quot;:{&quot;unit&quot;:&quot;px&quot;,&quot;size&quot;:4,&quot;sizes&quot;:[]},&quot;background_motion_fx_translateX_affectedRange&quot;:{&quot;unit&quot;:&quot;%&quot;,&quot;size&quot;:&quot;&quot;,&quot;sizes&quot;:{&quot;start&quot;:0,&quot;end&quot;:100}},&quot;background_motion_fx_devices&quot;:[&quot;desktop&quot;,&quot;tablet&quot;,&quot;mobile&quot;],&quot;motion_fx_devices&quot;:[&quot;desktop&quot;,&quot;tablet&quot;,&quot;mobile&quot;]}\">\n\t\t\t\t<\/div>\n\t\t<div class=\"elementor-element elementor-element-2f0a48a e-con-full e-flex e-con e-child\" data-id=\"2f0a48a\" data-element_type=\"container\" data-settings=\"{&quot;background_background&quot;:&quot;classic&quot;}\">\n\t\t\t\t<div class=\"elementor-element elementor-element-f417cfb elementor-widget elementor-widget-heading\" data-id=\"f417cfb\" data-element_type=\"widget\" data-widget_type=\"heading.default\">\n\t\t\t\t\t<h2 class=\"elementor-heading-title elementor-size-default\">Schlitten, Tickets und Preise f\u00fcr dein Winterabenteuer<\/h2>\t\t\t\t<\/div>\n\t\t\t\t<div class=\"elementor-element elementor-element-8a542f9 elementor-widget elementor-widget-heading\" data-id=\"8a542f9\" data-element_type=\"widget\" data-widget_type=\"heading.default\">\n\t\t\t\t\t<h1 class=\"elementor-heading-title elementor-size-default\">Schlitten mieten in Preda-Berg\u00fcn<\/h1>\t\t\t\t<\/div>\n\t\t\t\t<div class=\"elementor-element elementor-element-04e9a5b elementor-widget elementor-widget-text-editor\" data-id=\"04e9a5b\" data-element_type=\"widget\" data-widget_type=\"text-editor.default\">\n\t\t\t\t\t\t\t\t\t<p>Reservieren Sie Ihren Rodel einfach online und holen Sie ihn ohne Wartezeit direkt am Bahnhof in Preda ab \u2013 am Start der Schlittelpiste. Dank kontaktloser Buchung und Bezahlung geht alles schnell und bequem.<\/p>\t\t\t\t\t\t\t\t<\/div>\n\t\t\t\t<\/div>\n\t\t\t\t<\/div>\n\t\t<div class=\"elementor-element elementor-element-e7a0f2d e-con-full e-flex elementor-invisible e-con e-parent\" data-id=\"e7a0f2d\" data-element_type=\"container\" data-settings=\"{&quot;animation&quot;:&quot;fadeIn&quot;}\">\n\t\t\t\t<div class=\"elementor-element elementor-element-5bae952 elementor-widget elementor-widget-image\" data-id=\"5bae952\" data-element_type=\"widget\" data-settings=\"{&quot;motion_fx_motion_fx_scrolling&quot;:&quot;yes&quot;,&quot;motion_fx_translateX_effect&quot;:&quot;yes&quot;,&quot;motion_fx_translateX_direction&quot;:&quot;negative&quot;,&quot;motion_fx_translateX_speed&quot;:{&quot;unit&quot;:&quot;px&quot;,&quot;size&quot;:10,&quot;sizes&quot;:[]},&quot;motion_fx_translateX_affectedRange&quot;:{&quot;unit&quot;:&quot;%&quot;,&quot;size&quot;:&quot;&quot;,&quot;sizes&quot;:{&quot;start&quot;:0,&quot;end&quot;:100}},&quot;motion_fx_devices&quot;:[&quot;desktop&quot;,&quot;tablet&quot;,&quot;mobile&quot;]}\" data-widget_type=\"image.default\">\n\t\t\t\t\t\t\t\t\t\t\t\t\t\t\t<img fetchpriority=\"high\" decoding=\"async\" width=\"598\" height=\"392\" src=\"https:\/\/schlittel.dev25.airdev.de\/wp-content\/uploads\/2025\/11\/huhn_15prozet.png\" class=\"attachment-large size-large wp-image-266\" alt=\"\" srcset=\"https:\/\/schlittel.dev25.airdev.de\/wp-content\/uploads\/2025\/11\/huhn_15prozet.png 598w, https:\/\/schlittel.dev25.airdev.de\/wp-content\/uploads\/2025\/11\/huhn_15prozet-300x197.png 300w\" sizes=\"(max-width: 598px) 100vw, 598px\" \/>\t\t\t\t\t\t\t\t\t\t\t\t\t\t\t<\/div>\n\t\t\t\t<\/div>\n\t\t<div class=\"elementor-element elementor-element-ccd6612 e-flex e-con-boxed e-con e-parent\" data-id=\"ccd6612\" data-element_type=\"container\">\n\t\t\t\t\t<div class=\"e-con-inner\">\n\t\t\t\t<div class=\"elementor-element elementor-element-63cf47e elementor-widget elementor-widget-heading\" data-id=\"63cf47e\" data-element_type=\"widget\" data-widget_type=\"heading.default\">\n\t\t\t\t\t<h2 class=\"elementor-heading-title elementor-size-default\">Unsere Onlinebuchung: Komfortabel. Kontaktlos.<\/h2>\t\t\t\t<\/div>\n\t\t\t\t<div class=\"elementor-element elementor-element-6f2b387 elementor-widget elementor-widget-heading\" data-id=\"6f2b387\" data-element_type=\"widget\" data-widget_type=\"heading.default\">\n\t\t\t\t\t<h1 class=\"elementor-heading-title elementor-size-default\">Schlitten jetzt online mieten<\/h1>\t\t\t\t<\/div>\n\t\t\t\t<div class=\"elementor-element elementor-element-d7e576f elementor-widget elementor-widget-text-editor\" data-id=\"d7e576f\" data-element_type=\"widget\" data-widget_type=\"text-editor.default\">\n\t\t\t\t\t\t\t\t\t<p>Reservieren Sie jetzt Ihren Schlitten und holen Sie ihn bequem am Bahnohf in Preda ab! Nutzen Sie das kontaktlose Bezahlen direkt bei der Reservierung &#8211; der Rodel steht in Preda direkt am Beginn der Schlittelpiste f\u00fcr Sie bereit.\u00a0<\/p>\t\t\t\t\t\t\t\t<\/div>\n\t\t\t\t<div class=\"elementor-element elementor-element-ecd6abd elementor-widget elementor-widget-text-editor\" data-id=\"ecd6abd\" data-element_type=\"widget\" data-widget_type=\"text-editor.default\">\n\t\t\t\t\t\t\t\t\t<p><strong>TIPP: Buchen Sie gleich Ihr ALL-IN-ONE Kombitagesticket f\u00fcr RhB, Schlittelbahnen und Lift dazu! Zum Schlitten k\u00f6nnen Sie auch Ihren Helm und weiteres Zubeh\u00f6r ausleihen.<\/strong><\/p>\t\t\t\t\t\t\t\t<\/div>\n\t\t\t\t\t<\/div>\n\t\t\t\t<\/div>\n\t\t<div class=\"elementor-element elementor-element-dee3f6d e-flex e-con-boxed e-con e-parent\" data-id=\"dee3f6d\" data-element_type=\"container\" data-settings=\"{&quot;background_background&quot;:&quot;classic&quot;}\">\n\t\t\t\t\t<div class=\"e-con-inner\">\n\t\t\t\t<div class=\"elementor-element elementor-element-7b08388 elementor-widget elementor-widget-shortcode\" data-id=\"7b08388\" data-element_type=\"widget\" data-widget_type=\"shortcode.default\">\n\t\t\t\t\t\t\t<div class=\"elementor-shortcode\"><script src=\"https:\/\/sports-rental.info\/js\/iframeSizer.min.js\"><\/script> <link rel=\"stylesheet\" type=\"text\/css\" href=https:\/\/sports-rental.info\/css\/skipframe.css><\/link>  <iframe id=\"myiFrameID\" class=\"referrals-iframes skipframe\" onload=\"iFrameResize({ log:false }, '.skipframe');\" frameborder=\"0\" scrolling=\"no\"src=\"https:\/\/skipline.me\/en\/schlittelbahnorama\/reservation\" data-rhb-link=\"https:\/\/skipline.me\/en\/schlittelbahnorama-rhb\/reservation\" data-reka-link=\"https:\/\/skipline.me\/en\/schlittelbahnorama-reka\/reservation\" data-kulm-link=\"https:\/\/skipline.me\/en\/schlittelbahnorama-kulm\/reservation\" data-campinglenzerheide-link=\"https:\/\/skipline.me\/en\/schlittelbahnorama-campinglenzerheide\/reservation\"><\/iframe> <script src=\"https:\/\/skipline.me\/home\/js\/skipframe.js\" ><\/script> <\/div>\n\t\t\t\t\t\t<\/div>\n\t\t\t\t\t<\/div>\n\t\t\t\t<\/div>\n\t\t\t\t<\/div>\n\t\t","protected":false},"excerpt":{"rendered":"<p>Schlitten, Tickets und Preise f\u00fcr dein Winterabenteuer Schlitten mieten in Preda-Berg\u00fcn Reservieren Sie Ihren Rodel einfach online und holen Sie ihn ohne Wartezeit direkt am Bahnhof in Preda ab \u2013 am Start der Schlittelpiste. Dank kontaktloser Buchung und Bezahlung geht alles schnell und bequem. Unsere Onlinebuchung: Komfortabel. Kontaktlos. Schlitten jetzt online mieten Reservieren Sie jetzt [&hellip;]<\/p>\n","protected":false},"author":2,"featured_media":0,"parent":0,"menu_order":0,"comment_status":"closed","ping_status":"closed","template":"","meta":{"_acf_changed":false,"footnotes":""},"class_list":["post-503","page","type-page","status-publish","hentry"],"acf":[],"_links":{"self":[{"href":"https:\/\/schlittel.dev25.airdev.de\/en\/wp-json\/wp\/v2\/pages\/503","targetHints":{"allow":["GET"]}}],"collection":[{"href":"https:\/\/schlittel.dev25.airdev.de\/en\/wp-json\/wp\/v2\/pages"}],"about":[{"href":"https:\/\/schlittel.dev25.airdev.de\/en\/wp-json\/wp\/v2\/types\/page"}],"author":[{"embeddable":true,"href":"https:\/\/schlittel.dev25.airdev.de\/en\/wp-json\/wp\/v2\/users\/2"}],"replies":[{"embeddable":true,"href":"https:\/\/schlittel.dev25.airdev.de\/en\/wp-json\/wp\/v2\/comments?post=503"}],"version-history":[{"count":1,"href":"https:\/\/schlittel.dev25.airdev.de\/en\/wp-json\/wp\/v2\/pages\/503\/revisions"}],"predecessor-version":[{"id":508,"href":"https:\/\/schlittel.dev25.airdev.de\/en\/wp-json\/wp\/v2\/pages\/503\/revisions\/508"}],"wp:attachment":[{"href":"https:\/\/schlittel.dev25.airdev.de\/en\/wp-json\/wp\/v2\/media?parent=503"}],"curies":[{"name":"wp","href":"https:\/\/api.w.org\/{rel}","templated":true}]}}